{"id":606,"date":"2021-05-21T10:01:42","date_gmt":"2021-05-21T08:01:42","guid":{"rendered":"https:\/\/servizi.comune.torino.it\/inclusione\/?page_id=606"},"modified":"2025-07-04T11:45:30","modified_gmt":"2025-07-04T09:45:30","slug":"agenzia-di-accompagnamento-tecnico","status":"publish","type":"page","link":"https:\/\/servizi.comune.torino.it\/inclusione\/agenzia-di-accompagnamento-tecnico\/","title":{"rendered":"Agenzia di accompagnamento tecnico"},"content":{"rendered":"\t\t<div data-elementor-type=\"wp-page\" data-elementor-id=\"606\" class=\"elementor elementor-606\" data-elementor-settings=\"[]\">\n\t\t\t\t\t\t\t<div class=\"elementor-section-wrap\">\n\t\t\t\t\t\t\t<section class=\"elementor-section elementor-top-section elementor-element elementor-element-4a227d0 elementor-section-boxed elementor-section-height-default elementor-section-height-default\" data-id=\"4a227d0\" data-element_type=\"section\">\n\t\t\t\t\t\t<div class=\"elementor-container elementor-column-gap-default\">\n\t\t\t\t\t<div class=\"elementor-column elementor-col-50 elementor-top-column elementor-element elementor-element-0168009\" data-id=\"0168009\" data-element_type=\"column\">\n\t\t\t<div class=\"elementor-widget-wrap elementor-element-populated\">\n\t\t\t\t\t\t\t\t<div class=\"elementor-element elementor-element-eaa76f6 elementor-widget elementor-widget-text-editor\" data-id=\"eaa76f6\" data-element_type=\"widget\" data-widget_type=\"text-editor.default\">\n\t\t\t\t<div class=\"elementor-widget-container\">\n\t\t\t\t\t\t\t\t<p>La realizzazione di un percorso di co-progettazione cos\u00ec ambizioso richiede un supporto metodologico innovativo. Per questo, durante la prima annualit\u00e0 il Comune si \u00e8 affidato a una compagine di organizzazioni (TorinoPi\u00f9 \u2013 Torino Progetta Inclusione Urbana) incaricata di accompagnare i gruppi di lavoro.<\/p><p>Il modello di intervento ha previsto la realizzazione di \u00a04 workshop, \u00a0all\u2019interno di ogni area tematica, con le finalit\u00e0 di esplorare, sistematizzare e scalare le iniziative che verranno messe in atto dagli enti partecipanti all\u2019interno del Piano di Inclusione Sociale.<\/p><p>Inoltre, lo Staff di TorinoPi\u00f9 \u00e8 incaricato di accompagnare il lavoro di indirizzo svolto dal Gruppo di Accompagnamento Partecipato e dal Comitato scientifico attraverso la facilitazione di una serie di incontri dedicati..<\/p>\t\t\t\t\t\t<\/div>\n\t\t\t\t<\/div>\n\t\t\t\t\t<\/div>\n\t\t<\/div>\n\t\t\t\t<div class=\"elementor-column elementor-col-50 elementor-top-column elementor-element elementor-element-e5a28b5\" data-id=\"e5a28b5\" data-element_type=\"column\">\n\t\t\t<div class=\"elementor-widget-wrap elementor-element-populated\">\n\t\t\t\t\t\t\t\t<div class=\"elementor-element elementor-element-718ab38 elementor-widget elementor-widget-image\" data-id=\"718ab38\" data-element_type=\"widget\" data-widget_type=\"image.default\">\n\t\t\t\t<div class=\"elementor-widget-container\">\n\t\t\t\t\t\t\t\t\t\t\t\t\t\t\t<img loading=\"lazy\" decoding=\"async\" width=\"300\" height=\"84\" src=\"https:\/\/servizi.comune.torino.it\/inclusione\/wp-content\/uploads\/2021\/04\/torinopiu-1280x3581-1-300x84.png\" class=\"attachment-medium size-medium\" alt=\"\" srcset=\"https:\/\/servizi.comune.torino.it\/inclusione\/wp-content\/uploads\/2021\/04\/torinopiu-1280x3581-1-300x84.png 300w, https:\/\/servizi.comune.torino.it\/inclusione\/wp-content\/uploads\/2021\/04\/torinopiu-1280x3581-1-1024x286.png 1024w, https:\/\/servizi.comune.torino.it\/inclusione\/wp-content\/uploads\/2021\/04\/torinopiu-1280x3581-1-768x215.png 768w, https:\/\/servizi.comune.torino.it\/inclusione\/wp-content\/uploads\/2021\/04\/torinopiu-1280x3581-1.png 1280w\" sizes=\"auto, 100vw\" \/>\t\t\t\t\t\t\t\t\t\t\t\t\t\t\t<\/div>\n\t\t\t\t<\/div>\n\t\t\t\t<div class=\"elementor-element elementor-element-6eca603 elementor-widget elementor-widget-image\" data-id=\"6eca603\" data-element_type=\"widget\" data-widget_type=\"image.default\">\n\t\t\t\t<div class=\"elementor-widget-container\">\n\t\t\t\t\t\t\t\t\t\t\t\t\t\t\t<img loading=\"lazy\" decoding=\"async\" width=\"300\" height=\"57\" src=\"https:\/\/servizi.comune.torino.it\/inclusione\/wp-content\/uploads\/2021\/05\/Logo-SF1-300x57.png\" class=\"attachment-medium size-medium\" alt=\"\" srcset=\"https:\/\/servizi.comune.torino.it\/inclusione\/wp-content\/uploads\/2021\/05\/Logo-SF1-300x57.png 300w, https:\/\/servizi.comune.torino.it\/inclusione\/wp-content\/uploads\/2021\/05\/Logo-SF1-1024x194.png 1024w, https:\/\/servizi.comune.torino.it\/inclusione\/wp-content\/uploads\/2021\/05\/Logo-SF1-768x146.png 768w, https:\/\/servizi.comune.torino.it\/inclusione\/wp-content\/uploads\/2021\/05\/Logo-SF1-1536x291.png 1536w, https:\/\/servizi.comune.torino.it\/inclusione\/wp-content\/uploads\/2021\/05\/Logo-SF1-2048x389.png 2048w\" sizes=\"auto, 100vw\" \/>\t\t\t\t\t\t\t\t\t\t\t\t\t\t\t<\/div>\n\t\t\t\t<\/div>\n\t\t\t\t<div class=\"elementor-element elementor-element-61b1acc elementor-widget elementor-widget-image\" data-id=\"61b1acc\" data-element_type=\"widget\" data-widget_type=\"image.default\">\n\t\t\t\t<div class=\"elementor-widget-container\">\n\t\t\t\t\t\t\t\t\t\t\t\t\t\t\t<img loading=\"lazy\" decoding=\"async\" width=\"300\" height=\"119\" src=\"https:\/\/servizi.comune.torino.it\/inclusione\/wp-content\/uploads\/2021\/05\/Experientia1-300x119.png\" class=\"attachment-medium size-medium\" alt=\"\" srcset=\"https:\/\/servizi.comune.torino.it\/inclusione\/wp-content\/uploads\/2021\/05\/Experientia1-300x119.png 300w, https:\/\/servizi.comune.torino.it\/inclusione\/wp-content\/uploads\/2021\/05\/Experientia1-1024x406.png 1024w, https:\/\/servizi.comune.torino.it\/inclusione\/wp-content\/uploads\/2021\/05\/Experientia1-768x305.png 768w, https:\/\/servizi.comune.torino.it\/inclusione\/wp-content\/uploads\/2021\/05\/Experientia1-1536x609.png 1536w, https:\/\/servizi.comune.torino.it\/inclusione\/wp-content\/uploads\/2021\/05\/Experientia1-2048x812.png 2048w\" sizes=\"auto, 100vw\" \/>\t\t\t\t\t\t\t\t\t\t\t\t\t\t\t<\/div>\n\t\t\t\t<\/div>\n\t\t\t\t<div class=\"elementor-element elementor-element-298a3d1 elementor-widget elementor-widget-image\" data-id=\"298a3d1\" data-element_type=\"widget\" data-widget_type=\"image.default\">\n\t\t\t\t<div class=\"elementor-widget-container\">\n\t\t\t\t\t\t\t\t\t\t\t\t\t\t\t<img loading=\"lazy\" decoding=\"async\" width=\"300\" height=\"133\" src=\"https:\/\/servizi.comune.torino.it\/inclusione\/wp-content\/uploads\/2021\/05\/labins-300x133.jpg\" class=\"attachment-medium size-medium\" alt=\"\" srcset=\"https:\/\/servizi.comune.torino.it\/inclusione\/wp-content\/uploads\/2021\/05\/labins-300x133.jpg 300w, https:\/\/servizi.comune.torino.it\/inclusione\/wp-content\/uploads\/2021\/05\/labins.jpg 360w\" sizes=\"auto, 100vw\" \/>\t\t\t\t\t\t\t\t\t\t\t\t\t\t\t<\/div>\n\t\t\t\t<\/div>\n\t\t\t\t<div class=\"elementor-element elementor-element-3403fd3 elementor-widget elementor-widget-image\" data-id=\"3403fd3\" data-element_type=\"widget\" data-widget_type=\"image.default\">\n\t\t\t\t<div class=\"elementor-widget-container\">\n\t\t\t\t\t\t\t\t\t\t\t\t\t\t\t<img loading=\"lazy\" decoding=\"async\" width=\"150\" height=\"150\" src=\"https:\/\/servizi.comune.torino.it\/inclusione\/wp-content\/uploads\/2021\/05\/au-color1-150x150.png\" class=\"attachment-thumbnail size-thumbnail\" alt=\"\" srcset=\"https:\/\/servizi.comune.torino.it\/inclusione\/wp-content\/uploads\/2021\/05\/au-color1-150x150.png 150w, https:\/\/servizi.comune.torino.it\/inclusione\/wp-content\/uploads\/2021\/05\/au-color1-300x300.png 300w, https:\/\/servizi.comune.torino.it\/inclusione\/wp-content\/uploads\/2021\/05\/au-color1-768x768.png 768w, https:\/\/servizi.comune.torino.it\/inclusione\/wp-content\/uploads\/2021\/05\/au-color1-100x100.png 100w, https:\/\/servizi.comune.torino.it\/inclusione\/wp-content\/uploads\/2021\/05\/au-color1.png 1000w\" sizes=\"auto, 100vw\" \/>\t\t\t\t\t\t\t\t\t\t\t\t\t\t\t<\/div>\n\t\t\t\t<\/div>\n\t\t\t\t\t<\/div>\n\t\t<\/div>\n\t\t\t\t\t\t\t<\/div>\n\t\t<\/section>\n\t\t\t\t\t\t<\/div>\n\t\t\t\t\t<\/div>\n\t\t","protected":false},"excerpt":{"rendered":"<p>La realizzazione di un percorso di co-progettazione cos\u00ec ambizioso richiede un supporto metodologico innovativo. Per questo, durante la prima annualit\u00e0 il Comune si \u00e8 affidato a una compagine di organizzazioni (TorinoPi\u00f9 \u2013 Torino Progetta Inclusione Urbana) incaricata di accompagnare i gruppi di lavoro. Il modello di intervento ha previsto la realizzazione di \u00a04 workshop, \u00a0all\u2019interno &hellip; <\/p>\n<p class=\"link-more\"><a href=\"https:\/\/servizi.comune.torino.it\/inclusione\/agenzia-di-accompagnamento-tecnico\/\" class=\"more-link\">Leggi tutto<span class=\"screen-reader-text\"> &#8220;Agenzia di accompagnamento tecnico&#8221;<\/span><\/a><\/p>\n","protected":false},"author":2,"featured_media":0,"parent":0,"menu_order":0,"comment_status":"closed","ping_status":"closed","template":"","meta":{"footnotes":""},"categories":[],"tags":[],"class_list":["post-606","page","type-page","status-publish","hentry"],"_links":{"self":[{"href":"https:\/\/servizi.comune.torino.it\/inclusione\/wp-json\/wp\/v2\/pages\/606","targetHints":{"allow":["GET"]}}],"collection":[{"href":"https:\/\/servizi.comune.torino.it\/inclusione\/wp-json\/wp\/v2\/pages"}],"about":[{"href":"https:\/\/servizi.comune.torino.it\/inclusione\/wp-json\/wp\/v2\/types\/page"}],"author":[{"embeddable":true,"href":"https:\/\/servizi.comune.torino.it\/inclusione\/wp-json\/wp\/v2\/users\/2"}],"replies":[{"embeddable":true,"href":"https:\/\/servizi.comune.torino.it\/inclusione\/wp-json\/wp\/v2\/comments?post=606"}],"version-history":[{"count":0,"href":"https:\/\/servizi.comune.torino.it\/inclusione\/wp-json\/wp\/v2\/pages\/606\/revisions"}],"wp:attachment":[{"href":"https:\/\/servizi.comune.torino.it\/inclusione\/wp-json\/wp\/v2\/media?parent=606"}],"wp:term":[{"taxonomy":"category","embeddable":true,"href":"https:\/\/servizi.comune.torino.it\/inclusione\/wp-json\/wp\/v2\/categories?post=606"},{"taxonomy":"post_tag","embeddable":true,"href":"https:\/\/servizi.comune.torino.it\/inclusione\/wp-json\/wp\/v2\/tags?post=606"}],"curies":[{"name":"wp","href":"https:\/\/api.w.org\/{rel}","templated":true}]}}