{"id":60,"date":"2020-07-20T15:04:49","date_gmt":"2020-07-20T13:04:49","guid":{"rendered":"https:\/\/servizi.comune.torino.it\/inclusione\/?page_id=60"},"modified":"2025-01-20T11:51:48","modified_gmt":"2025-01-20T10:51:48","slug":"progettazione-del-piano-di-inclusione-sociale","status":"publish","type":"page","link":"https:\/\/servizi.comune.torino.it\/inclusione\/progettazione-del-piano-di-inclusione-sociale\/","title":{"rendered":"Progettazione del Piano di Inclusione Sociale"},"content":{"rendered":"\t\t<div data-elementor-type=\"wp-page\" data-elementor-id=\"60\" class=\"elementor elementor-60\" data-elementor-settings=\"[]\">\n\t\t\t\t\t\t\t<div class=\"elementor-section-wrap\">\n\t\t\t\t\t\t\t<section class=\"elementor-section elementor-top-section elementor-element elementor-element-9142ac8 elementor-section-boxed elementor-section-height-default elementor-section-height-default\" data-id=\"9142ac8\" data-element_type=\"section\">\n\t\t\t\t\t\t<div class=\"elementor-container elementor-column-gap-default\">\n\t\t\t\t\t<div class=\"elementor-column elementor-col-50 elementor-top-column elementor-element elementor-element-af8ce4e\" data-id=\"af8ce4e\" data-element_type=\"column\">\n\t\t\t<div class=\"elementor-widget-wrap elementor-element-populated\">\n\t\t\t\t\t\t\t\t<div class=\"elementor-element elementor-element-f285072 elementor-widget elementor-widget-text-editor\" data-id=\"f285072\" data-element_type=\"widget\" data-widget_type=\"text-editor.default\">\n\t\t\t\t<div class=\"elementor-widget-container\">\n\t\t\t\t\t\t\t\t<p><b>TORINO PARTECIPA<\/b><\/p>\n<p><span style=\"font-weight: 400;\">Per sviluppare il Piano di Inclusione Sociale, a ottobre 2018 la Citt\u00e0 di Torino ha avviato un percorso triennale (2019-2021) di co-progettazione coinvolgendo <\/span><span style=\"font-weight: 400;\">ASL, Enti Pubblici, Terzo Settore, Organizzazioni Sindacali, associazioni di volontariato e stakeholders.<\/span><\/p>\n<p><span style=\"font-weight: 400;\">La pratica della co-progettazione prevede un impegno congiunto da parte degli enti del territorio per individuare i bisogni della comunit\u00e0, ideare gli interventi pi\u00f9 idonei a soddisfarli e realizzare attivit\u00e0 di interesse collettivo in forma collaborativa, sussidiaria e circolare.\u00a0<\/span><\/p>\n<p><span style=\"font-weight: 400;\">Attraverso la costruzione di una rete (ovvero una pluralit\u00e0 di soggetti che erogano i servizi attraverso un\u2019infrastruttura comune) aperta (che accoglie l\u2019offerta ampia e differenziata di Comune, cooperative, imprese, associazioni) e dinamica (che si aggiorna e arricchisce nel tempo), il Piano di Inclusione Sociale intende ridefinire e potenziare l\u2019impianto di interventi sociali e socio-assistenziali sul e per il territorio urbano.<\/span><\/p>\n<p><span style=\"font-weight: 400;\">L\u2019avvio di un processo partecipato, infatti, rappresenta per la Citt\u00e0 di Torino un\u2019importante opportunit\u00e0 per riconoscere, coordinare e valorizzare le risorse presenti sul territorio e stimolare sinergie fra pubblico e privato, per fare del welfare locale un \u201csistema integrato di interventi e servizi\u201d<\/span><span style=\"font-weight: 400;\"> rivolto al contrasto delle povert\u00e0 e al sostegno delle fasce pi\u00f9 fragili della popolazione.<\/span><\/p>\n<p><span style=\"font-weight: 400;\">Questo approccio sistemico alla gestione delle politiche sociali mette al centro il valore delle risorse di comunit\u00e0, la trasversalit\u00e0 e l&#8217;interdisciplinariet\u00e0 nella lotta alle disuguaglianze: l\u2019assunzione di un ruolo attivo e collaborativo da parte dei vari attori permette di <\/span><span style=\"font-weight: 400;\">moltiplicare idee, competenze ed energie, in modo da <\/span><span style=\"font-weight: 400;\">collegare la lettura dei bisogni di welfare alle risposte pi\u00f9 adeguate.<\/span><\/p>\n<p><span style=\"font-weight: 400;\">In particolare, il processo partecipativo \u00e8 finalizzato a:<\/span><\/p>\n<ul>\n<li style=\"font-weight: 400;\" aria-level=\"1\"><span style=\"font-weight: 400;\">coordinare l\u2019azione di enti pubblici e privati all\u2019interno di un sistema unitario, in modo da rendere pi\u00f9 flessibile ed immediato l\u2019accesso ai servizi di sostegno per i cittadini.<\/span><\/li>\n<li style=\"font-weight: 400;\" aria-level=\"1\"><span style=\"font-weight: 400;\">stimolare la condivisione di risorse (conoscitive, economiche, operative) e responsabilit\u00e0 fra i diversi attori, per disegnare interventi di welfare che siano efficienti ed efficaci.<\/span><\/li>\n<li style=\"font-weight: 400;\" aria-level=\"1\"><span style=\"font-weight: 400;\">fornire concrete opportunit\u00e0 per una realizzazione tempestiva e appropriata dei progetti di inclusione sociale attraverso l\u2019apporto di una pluralit\u00e0 di soggetti.<\/span><\/li>\n<li style=\"font-weight: 400;\" aria-level=\"1\"><span style=\"font-weight: 400;\">stimolare l\u2019attivazione di ulteriori connessioni e l\u2019ideazione di modalit\u00e0 di intervento innovative in risposta a nuove fragilit\u00e0.<\/span><\/li>\n<\/ul>\n<p><span style=\"font-weight: 400;\">La coprogettazione del Piano di Inclusione Sociale della Citt\u00e0 di Torino si inserisce quindi all&#8217;interno di una pi\u00f9 ampia strategia volta a ripensare il sistema locale di contrasto alla povert\u00e0, attraverso azioni e interventi che favoriscano il rafforzamento dei legami sociali, la solidariet\u00e0 e l\u2019inclusione.<\/span><\/p>\t\t\t\t\t\t<\/div>\n\t\t\t\t<\/div>\n\t\t\t\t\t<\/div>\n\t\t<\/div>\n\t\t\t\t<div class=\"elementor-column elementor-col-50 elementor-top-column elementor-element elementor-element-c9fd6be\" data-id=\"c9fd6be\" data-element_type=\"column\">\n\t\t\t<div class=\"elementor-widget-wrap elementor-element-populated\">\n\t\t\t\t\t\t\t\t<div class=\"elementor-element elementor-element-20fe343 elementor-widget elementor-widget-text-editor\" data-id=\"20fe343\" data-element_type=\"widget\" data-widget_type=\"text-editor.default\">\n\t\t\t\t<div class=\"elementor-widget-container\">\n\t\t\t\t\t\t\t\t<div class=\"et_pb_module et_pb_text et_pb_text_5 et_pb_bg_layout_light et_pb_text_align_left\"><div class=\"et_pb_text_inner\"><p>Con il contributo di<\/p><\/div><\/div><div class=\"et_pb_module et_pb_image et_pb_image_0\"><span class=\"et_pb_image_wrap \"><img loading=\"lazy\" decoding=\"async\" class=\"\" title=\"\" src=\"https:\/\/www.pianoinclusionesocialetorino.it\/wp-content\/uploads\/2020\/02\/fondazione-compagnia-sanpaolo.png\" sizes=\"auto, (min-width: 0px) and (max-width: 480px) 480px, (min-width: 481px) and (max-width: 980px) 980px, (min-width: 981px) 1161px, 100vw\" srcset=\"https:\/\/www.pianoinclusionesocialetorino.it\/wp-content\/uploads\/2020\/02\/fondazione-compagnia-sanpaolo.png 1161w, https:\/\/www.pianoinclusionesocialetorino.it\/wp-content\/uploads\/2020\/02\/fondazione-compagnia-sanpaolo-980x409.png 980w, https:\/\/www.pianoinclusionesocialetorino.it\/wp-content\/uploads\/2020\/02\/fondazione-compagnia-sanpaolo-480x200.png 480w\" alt=\"\" width=\"238\" height=\"99\" \/><\/span><\/div><div>\u00a0<\/div><h5>SCHEDE<\/h5><p><a href=\"https:\/\/servizi.comune.torino.it\/inclusione\/wp-content\/uploads\/2021\/06\/2.a-Coprogrammazione.pdf\" target=\"_blank\" rel=\"noopener\">Coprogrammazione<\/a><\/p><p><a href=\"https:\/\/servizi.comune.torino.it\/inclusione\/wp-content\/uploads\/2021\/06\/2.b-Coprogrammazione-Casi-studio.pdf\" target=\"_blank\" rel=\"noopener\">Coprogrammazione &#8211; casi studio\u00a0<\/a><\/p>\t\t\t\t\t\t<\/div>\n\t\t\t\t<\/div>\n\t\t\t\t\t<\/div>\n\t\t<\/div>\n\t\t\t\t\t\t\t<\/div>\n\t\t<\/section>\n\t\t\t\t\t\t<\/div>\n\t\t\t\t\t<\/div>\n\t\t","protected":false},"excerpt":{"rendered":"<p>TORINO PARTECIPA Per sviluppare il Piano di Inclusione Sociale, a ottobre 2018 la Citt\u00e0 di Torino ha avviato un percorso triennale (2019-2021) di co-progettazione coinvolgendo ASL, Enti Pubblici, Terzo Settore, Organizzazioni Sindacali, associazioni di volontariato e stakeholders. La pratica della co-progettazione prevede un impegno congiunto da parte degli enti del territorio per individuare i bisogni &hellip; <\/p>\n<p class=\"link-more\"><a href=\"https:\/\/servizi.comune.torino.it\/inclusione\/progettazione-del-piano-di-inclusione-sociale\/\" class=\"more-link\">Leggi tutto<span class=\"screen-reader-text\"> &#8220;Progettazione del Piano di Inclusione Sociale&#8221;<\/span><\/a><\/p>\n","protected":false},"author":2,"featured_media":0,"parent":0,"menu_order":0,"comment_status":"closed","ping_status":"closed","template":"","meta":{"footnotes":""},"categories":[20],"tags":[],"class_list":["post-60","page","type-page","status-publish","hentry","category-progettazione-del-piano"],"_links":{"self":[{"href":"https:\/\/servizi.comune.torino.it\/inclusione\/wp-json\/wp\/v2\/pages\/60","targetHints":{"allow":["GET"]}}],"collection":[{"href":"https:\/\/servizi.comune.torino.it\/inclusione\/wp-json\/wp\/v2\/pages"}],"about":[{"href":"https:\/\/servizi.comune.torino.it\/inclusione\/wp-json\/wp\/v2\/types\/page"}],"author":[{"embeddable":true,"href":"https:\/\/servizi.comune.torino.it\/inclusione\/wp-json\/wp\/v2\/users\/2"}],"replies":[{"embeddable":true,"href":"https:\/\/servizi.comune.torino.it\/inclusione\/wp-json\/wp\/v2\/comments?post=60"}],"version-history":[{"count":0,"href":"https:\/\/servizi.comune.torino.it\/inclusione\/wp-json\/wp\/v2\/pages\/60\/revisions"}],"wp:attachment":[{"href":"https:\/\/servizi.comune.torino.it\/inclusione\/wp-json\/wp\/v2\/media?parent=60"}],"wp:term":[{"taxonomy":"category","embeddable":true,"href":"https:\/\/servizi.comune.torino.it\/inclusione\/wp-json\/wp\/v2\/categories?post=60"},{"taxonomy":"post_tag","embeddable":true,"href":"https:\/\/servizi.comune.torino.it\/inclusione\/wp-json\/wp\/v2\/tags?post=60"}],"curies":[{"name":"wp","href":"https:\/\/api.w.org\/{rel}","templated":true}]}}