{"id":389,"date":"2021-05-13T11:25:38","date_gmt":"2021-05-13T09:25:38","guid":{"rendered":"https:\/\/servizi.comune.torino.it\/inclusione\/?page_id=389"},"modified":"2022-04-11T15:46:54","modified_gmt":"2022-04-11T13:46:54","slug":"torino-solidale","status":"publish","type":"page","link":"https:\/\/servizi.comune.torino.it\/inclusione\/torino-solidale\/","title":{"rendered":"Torino Solidale"},"content":{"rendered":"\t\t<div data-elementor-type=\"wp-page\" data-elementor-id=\"389\" class=\"elementor elementor-389\" data-elementor-settings=\"[]\">\n\t\t\t\t\t\t\t<div class=\"elementor-section-wrap\">\n\t\t\t\t\t\t\t<section class=\"elementor-section elementor-top-section elementor-element elementor-element-255f960 elementor-section-boxed elementor-section-height-default elementor-section-height-default\" data-id=\"255f960\" data-element_type=\"section\">\n\t\t\t\t\t\t<div class=\"elementor-container elementor-column-gap-default\">\n\t\t\t\t\t<div class=\"elementor-column elementor-col-50 elementor-top-column elementor-element elementor-element-b490b2d\" data-id=\"b490b2d\" data-element_type=\"column\">\n\t\t\t<div class=\"elementor-widget-wrap elementor-element-populated\">\n\t\t\t\t\t\t\t\t<div class=\"elementor-element elementor-element-18099be elementor-widget elementor-widget-text-editor\" data-id=\"18099be\" data-element_type=\"widget\" data-widget_type=\"text-editor.default\">\n\t\t\t\t<div class=\"elementor-widget-container\">\n\t\t\t\t\t\t\t\t<p><span style=\"font-weight: 400;\">Il 24 marzo 2020, per fronteggiare l\u2019emergenza derivante dalla diffusione del virus COVID-19 e le conseguenti restrizioni alla circolazione e al contatto con le persone, la Citt\u00e0 di Torino ha attivato la rete di <\/span><b>Torino Solidale<\/b><span style=\"font-weight: 400;\">, un sistema cittadino a sostegno delle persone in situazione di fragilit\u00e0 personale, sociale ed economica, spesso connessa a solitudine e ad assenza di reti familiari.<\/span><\/p><p><span style=\"font-weight: 400;\">La rete di Torino Solidale, che coinvolge le Case del Quartiere, i Circoli Arci e numerosi enti del Terzo Settore, a partire dalla prima fase di lockdown ha organizzato un sistema di approvvigionamento di beni alimentari e di prima necessit\u00e0 assicurandone la distribuzione a domicilio e tramite snodi diffusi sul territorio comunale.\u00a0<\/span><\/p><p><span style=\"font-weight: 400;\">Nei mesi successivi la rete si \u00e8 articolata ulteriormente, dotandosi di nuovi partner, risorse, proposte progettuali e infrastrutture territoriali, per cercare di dare risposta non solo alle necessit\u00e0 alimentari, ma anche ai bisogni di accoglienza, assistenza e sostegno.<\/span><\/p><p><span style=\"font-weight: 400;\">Attualmente, le azioni messe in atto dal sistema cittadino sono molteplici:<\/span><\/p><p><span style=\"font-weight: 400;\">SOLIDARIET\u00c0 ALIMENTARE<\/span><\/p><p><span style=\"font-weight: 400;\">Per tutelare le persone e i nuclei familiari che si trovano in stato di necessit\u00e0 derivante dall\u2019emergenza Covid-19, la rete Torino Solidale, con i suoi 17 snodi attivi sulle varie circoscrizioni, assicura la distribuzione di <\/span><b>panieri alimentari <\/b><span style=\"font-weight: 400;\">contenenti<\/span> <span style=\"font-weight: 400;\">beni alimentari e di prima necessit\u00e0 provenienti dal recupero delle eccedenze o da donazioni di associazioni e cittadini. In situazioni di grave difficolt\u00e0 economica derivante dalla perdita o riduzione del lavoro connessa all\u2019emergenza sanitaria, a ciascun paniere pu\u00f2 essere associata l\u2019erogazione di<\/span><b> buoni spesa<\/b><span style=\"font-weight: 400;\"> proporzionati al numero dei componenti della famiglia e spendibili presso esercizi commerciali convenzionati.<\/span><\/p><p><span style=\"font-weight: 400;\">NECESSIT<\/span><span style=\"font-weight: 400;\">\u00c0<\/span><span style=\"font-weight: 400;\"> GENERALI\u00a0<\/span><\/p><p><span style=\"font-weight: 400;\">Nell\u2019ambito della rete solidale, \u00e8 stato attivato un <\/span><b>numero verde<\/b><span style=\"font-weight: 400;\"> a cui si possono rivolgere tutti coloro che abbiano necessit\u00e0 di qualsiasi tipo (consegna spesa, portare a spasso il cane, andare in farmacia) e si trovino nell\u2019impossibilit\u00e0 di muoversi da casa o di appoggiarsi ad altre persone. Le chiamate dei cittadini in difficolt\u00e0 sono raccolte da personale comunale e diramate ad associazioni di volontariato disponibili per far fronte alle richieste.<\/span><\/p><div><span style=\"font-weight: 400;\">SOSTEGNO\u00a0 PER ANZIANI, PERSONE CON DISABILIT\u00c0 E FRAGILIT\u00c0<\/span><\/div><div><span style=\"font-weight: 400;\">\u00a0<\/span><\/div><p><span style=\"font-weight: 400;\">La costituzione della rete Torino Solidale ha inoltre previsto un <\/span><b>piano di supporto dedicato alle persone con fragilit\u00e0<\/b><span style=\"font-weight: 400;\"> di vario tipo, con particolare attenzione alle difficolt\u00e0 di carattere interculturale. A questo fine sono state attivate azioni specifiche in collaborazione con enti e associazioni di volontariato, quali ascolto e assistenza telefonica, supporto e mediazione culturale, intermediazione linguistica.<\/span><\/p><p><span style=\"font-weight: 400;\">Nonostante sia difficile prevedere gli sviluppi dell\u2019emergenza sanitaria in corso, la rete di Torino Solidale si propone di consolidare le interazioni avviate tra la Citt\u00e0, gli Enti del Terzo Settore e le reti di comunit\u00e0 per promuovere, anche nel lungo periodo, una articolazione progettuale stabile a supporto delle famiglie vulnerabili.\u00a0<\/span><\/p><p><span style=\"font-weight: 400;\">In particolare, la strategia a lungo termine della rete prevede di:<\/span><\/p><ul><li style=\"font-weight: 400;\" aria-level=\"1\"><span style=\"font-weight: 400;\">Convertire l\u2019esperienza avviata per contrastare gli effetti negativi della pandemia in una <\/span><b>politica ordinaria di sostegno alimentare<\/b><span style=\"font-weight: 400;\"> per persone in condizioni di fragilit\u00e0 economica, non solo legata alla redistribuzione ma anche al recupero delle eccedenze alimentari e alla lotta allo spreco.<\/span><\/li><li style=\"font-weight: 400;\" aria-level=\"1\"><span style=\"font-weight: 400;\">Superare la logica emergenziale e costruire relazioni pi\u00f9 articolate con i beneficiari, anche rafforzando i <\/span><b>legami di prossimit\u00e0 tra beneficiari e snodo<\/b><span style=\"font-weight: 400;\">, per raccogliere elementi di conoscenza sulle loro condizioni, in modo da sostenere e orientare l\u2019accesso ai servizi territoriali.<\/span><\/li><li style=\"font-weight: 400;\" aria-level=\"1\"><span style=\"font-weight: 400;\">Raccogliere informazioni e dati al fine di avere una fotografia il pi\u00f9 possibile aggiornata della fragilit\u00e0 sociale nei vari quartieri, in modo da orientare gli interventi sulla base delle priorit\u00e0 e dei bisogni individuati e attivare nuove progettualit\u00e0 nell\u2019intento di <\/span><b>intercettare nuove difficolt\u00e0 e nuovi bisogni<\/b><span style=\"font-weight: 400;\">.<\/span><\/li><li style=\"font-weight: 400;\" aria-level=\"1\"><span style=\"font-weight: 400;\">Stimolare il coinvolgimento di tutti gli attori della comunit\u00e0 locale &#8211; privati cittadini, esercizi commerciali, enti del privato sociale &#8211; per diffondere un <\/span><b>senso di appartenenza e solidariet\u00e0<\/b><span style=\"font-weight: 400;\"> e accrescere la consapevolezza delle disuguaglianze presenti sul territorio.<\/span><\/li><\/ul>\t\t\t\t\t\t<\/div>\n\t\t\t\t<\/div>\n\t\t\t\t\t<\/div>\n\t\t<\/div>\n\t\t\t\t<div class=\"elementor-column elementor-col-50 elementor-top-column elementor-element elementor-element-58216b9\" data-id=\"58216b9\" data-element_type=\"column\">\n\t\t\t<div class=\"elementor-widget-wrap elementor-element-populated\">\n\t\t\t\t\t\t\t\t<div class=\"elementor-element elementor-element-0022b19 elementor-widget elementor-widget-text-editor\" data-id=\"0022b19\" data-element_type=\"widget\" data-widget_type=\"text-editor.default\">\n\t\t\t\t<div class=\"elementor-widget-container\">\n\t\t\t\t\t\t\t\t<h4><a href=\"https:\/\/servizi.comune.torino.it\/inclusione\/wp-content\/uploads\/2021\/05\/TabellaMappa_TORINO-SOLIDALE.pdf\" target=\"_blank\" rel=\"noopener\"><img loading=\"lazy\" decoding=\"async\" class=\"wp-image-594 aligncenter\" src=\"https:\/\/servizi.comune.torino.it\/inclusione\/wp-content\/uploads\/2021\/05\/Rete-SNODI_ToSOlid-e1621523554780-300x175.png\" alt=\"\" width=\"328\" height=\"191\" srcset=\"https:\/\/servizi.comune.torino.it\/inclusione\/wp-content\/uploads\/2021\/05\/Rete-SNODI_ToSOlid-e1621523554780-300x175.png 300w, https:\/\/servizi.comune.torino.it\/inclusione\/wp-content\/uploads\/2021\/05\/Rete-SNODI_ToSOlid-e1621523554780-768x447.png 768w, https:\/\/servizi.comune.torino.it\/inclusione\/wp-content\/uploads\/2021\/05\/Rete-SNODI_ToSOlid-e1621523554780.png 973w\" sizes=\"auto, (max-width: 328px) 100vw, 328px\" \/><\/a><\/h4><h4><b>Gli snodi:<\/b><\/h4><ul style=\"list-style-position: inside;\"><li><a href=\"https:\/\/aclitorino.it\/\">ACLI Torino\u00a0<\/a><\/li><li><span style=\"font-weight: 400;\"><a href=\"https:\/\/www.arcitorino.it\/p\/286\/scheda-circolo.html?circolo=A054044\">Arci Associazione Edera<\/a><\/span><\/li><li><span style=\"font-weight: 400;\"><a href=\"https:\/\/www.arcitorino.it\/p\/286\/scheda-circolo.html?circolo=A054408\">Arci Spazio Giovani Alkadia<\/a><\/span><\/li><li><span style=\"font-weight: 400;\"><a href=\"https:\/\/www.cpdconsulta.it\/\">Consulta per le Persone in Difficolt\u00e0<\/a><\/span><\/li><li><span style=\"font-weight: 400;\"><a href=\"http:\/\/www.casadelquartiere.it\/\">Casa del Quartiere San Salvario<\/a><\/span><\/li><li><span style=\"font-weight: 400;\"><a href=\"https:\/\/bagnipubblici.wordpress.com\/\">Casa del Quartiere Bagni Pubblici di Via Agli\u00e8<\/a><\/span><\/li><li><span style=\"font-weight: 400;\"><a href=\"https:\/\/www.casanelparco.it\/\">Casa del Quartiere Casa nel Parco Mirafiori<\/a><\/span><\/li><li><span style=\"font-weight: 400;\"><a href=\"http:\/\/www.piuspazioquattro.it\/\">Casa del Quartiere Pi\u00f9 Spazio Quattro<\/a><\/span><\/li><li><span style=\"font-weight: 400;\">\u00a0<a href=\"http:\/\/www.retecasedelquartiere.org\/casa-di-quartiere-vallette\/\">Casa del Quartiere Vallette<\/a><\/span><\/li><li><span style=\"font-weight: 400;\"><a href=\"http:\/\/damamar.it\/\">Associazione Damamar<\/a><\/span><\/li><li><span style=\"font-weight: 400;\"><a href=\"https:\/\/www.sermig.org\/arsenali\/arsenale-della-pace.html\">Sermig Arsenale della Pace<\/a><\/span><\/li><li><span style=\"font-weight: 400;\"><a href=\"https:\/\/www.gruppoabele.org\/\">Associazione Gruppo Abele<\/a><\/span><\/li><li><span style=\"font-weight: 400;\"><a href=\"https:\/\/www.asilinotturni.org\/\">Societ\u00e0 Asili Notturni<\/a><\/span><\/li><li><span style=\"font-weight: 400;\"><a href=\"http:\/\/www.centropolisportivomassari.it\/\">UISP Centro polisportivo Massari<\/a>.<\/span><\/li><li><a href=\"http:\/\/www.barrito.to.it\/\">Casa del Quartiere Barrito\u00a0<\/a><\/li><li><a href=\"http:\/\/www.cecchipoint.it\/\">Casa del Quartiere Cecchi Point<\/a><\/li><li><a href=\"https:\/\/www.cascinaroccafranca.it\/\">Casa del Quartiere Cascina Roccafranca<\/a><\/li><\/ul>\t\t\t\t\t\t<\/div>\n\t\t\t\t<\/div>\n\t\t\t\t\t<\/div>\n\t\t<\/div>\n\t\t\t\t\t\t\t<\/div>\n\t\t<\/section>\n\t\t\t\t\t\t<\/div>\n\t\t\t\t\t<\/div>\n\t\t","protected":false},"excerpt":{"rendered":"<p>Il 24 marzo 2020, per fronteggiare l\u2019emergenza derivante dalla diffusione del virus COVID-19 e le conseguenti restrizioni alla circolazione e al contatto con le persone, la Citt\u00e0 di Torino ha attivato la rete di Torino Solidale, un sistema cittadino a sostegno delle persone in situazione di fragilit\u00e0 personale, sociale ed economica, spesso connessa a solitudine &hellip; <\/p>\n<p class=\"link-more\"><a href=\"https:\/\/servizi.comune.torino.it\/inclusione\/torino-solidale\/\" class=\"more-link\">Leggi tutto<span class=\"screen-reader-text\"> &#8220;Torino Solidale&#8221;<\/span><\/a><\/p>\n","protected":false},"author":2,"featured_media":0,"parent":0,"menu_order":0,"comment_status":"closed","ping_status":"closed","template":"","meta":{"footnotes":""},"categories":[1],"tags":[],"class_list":["post-389","page","type-page","status-publish","hentry","category-senza-categoria"],"_links":{"self":[{"href":"https:\/\/servizi.comune.torino.it\/inclusione\/wp-json\/wp\/v2\/pages\/389","targetHints":{"allow":["GET"]}}],"collection":[{"href":"https:\/\/servizi.comune.torino.it\/inclusione\/wp-json\/wp\/v2\/pages"}],"about":[{"href":"https:\/\/servizi.comune.torino.it\/inclusione\/wp-json\/wp\/v2\/types\/page"}],"author":[{"embeddable":true,"href":"https:\/\/servizi.comune.torino.it\/inclusione\/wp-json\/wp\/v2\/users\/2"}],"replies":[{"embeddable":true,"href":"https:\/\/servizi.comune.torino.it\/inclusione\/wp-json\/wp\/v2\/comments?post=389"}],"version-history":[{"count":0,"href":"https:\/\/servizi.comune.torino.it\/inclusione\/wp-json\/wp\/v2\/pages\/389\/revisions"}],"wp:attachment":[{"href":"https:\/\/servizi.comune.torino.it\/inclusione\/wp-json\/wp\/v2\/media?parent=389"}],"wp:term":[{"taxonomy":"category","embeddable":true,"href":"https:\/\/servizi.comune.torino.it\/inclusione\/wp-json\/wp\/v2\/categories?post=389"},{"taxonomy":"post_tag","embeddable":true,"href":"https:\/\/servizi.comune.torino.it\/inclusione\/wp-json\/wp\/v2\/tags?post=389"}],"curies":[{"name":"wp","href":"https:\/\/api.w.org\/{rel}","templated":true}]}}